{"id":9168,"date":"2012-09-02T21:07:55","date_gmt":"2012-09-03T00:07:55","guid":{"rendered":"http:\/\/sites.unicentro.br\/wp\/manejoflorestal\/?page_id=9168"},"modified":"2015-08-16T11:17:07","modified_gmt":"2015-08-16T14:17:07","slug":"9168-2","status":"publish","type":"page","link":"https:\/\/sites.unicentro.br\/wp\/manejoflorestal\/9168-2\/","title":{"rendered":"Pontederia cordata L. Aguap\u00e9"},"content":{"rendered":"<p><a class=\"lightbox\" title=\"Pontederia cordata  (1)\" href=\"http:\/\/sites.unicentro.br\/wp\/manejoflorestal\/files\/2012\/04\/Pontederia-cordata-1.jpg\"><img loading=\"lazy\" decoding=\"async\" class=\"aligncenter size-full wp-image-5173\" title=\"Pontederia cordata  (1)\" src=\"http:\/\/sites.unicentro.br\/wp\/manejoflorestal\/files\/2012\/04\/Pontederia-cordata-1.jpg\" alt=\"\" width=\"1019\" height=\"768\" srcset=\"https:\/\/sites.unicentro.br\/wp\/manejoflorestal\/files\/2012\/04\/Pontederia-cordata-1.jpg 796w, https:\/\/sites.unicentro.br\/wp\/manejoflorestal\/files\/2012\/04\/Pontederia-cordata-1-300x226.jpg 300w, https:\/\/sites.unicentro.br\/wp\/manejoflorestal\/files\/2012\/04\/Pontederia-cordata-1-398x300.jpg 398w\" sizes=\"auto, (max-width: 1019px) 100vw, 1019px\" \/><\/a><span style=\"color: #000000\"><strong>Foto 1 &#8211;\u00a0<\/strong><\/span>Detalhe das folhas e flores.<a class=\"lightbox\" title=\"Pontederia cordata  (2)\" href=\"http:\/\/sites.unicentro.br\/wp\/manejoflorestal\/files\/2012\/04\/Pontederia-cordata-2.jpg\"><img loading=\"lazy\" decoding=\"async\" class=\"aligncenter size-full wp-image-5174\" title=\"Pontederia cordata  (2)\" src=\"http:\/\/sites.unicentro.br\/wp\/manejoflorestal\/files\/2012\/04\/Pontederia-cordata-2.jpg\" alt=\"\" width=\"1001\" height=\"768\" srcset=\"https:\/\/sites.unicentro.br\/wp\/manejoflorestal\/files\/2012\/04\/Pontederia-cordata-2.jpg 782w, https:\/\/sites.unicentro.br\/wp\/manejoflorestal\/files\/2012\/04\/Pontederia-cordata-2-300x230.jpg 300w, https:\/\/sites.unicentro.br\/wp\/manejoflorestal\/files\/2012\/04\/Pontederia-cordata-2-391x300.jpg 391w\" sizes=\"auto, (max-width: 1001px) 100vw, 1001px\" \/><\/a><strong>Foto 2 &#8211;<\/strong>\u00a0Detalhe das folhas e flores.<a class=\"lightbox\" title=\"Pontederia cordata  (3)\" href=\"http:\/\/sites.unicentro.br\/wp\/manejoflorestal\/files\/2012\/04\/Pontederia-cordata-3.jpg\"><img loading=\"lazy\" decoding=\"async\" class=\"aligncenter size-full wp-image-5175\" title=\"Pontederia cordata  (3)\" src=\"http:\/\/sites.unicentro.br\/wp\/manejoflorestal\/files\/2012\/04\/Pontederia-cordata-3.jpg\" alt=\"\" width=\"1011\" height=\"768\" srcset=\"https:\/\/sites.unicentro.br\/wp\/manejoflorestal\/files\/2012\/04\/Pontederia-cordata-3.jpg 790w, https:\/\/sites.unicentro.br\/wp\/manejoflorestal\/files\/2012\/04\/Pontederia-cordata-3-300x227.jpg 300w, https:\/\/sites.unicentro.br\/wp\/manejoflorestal\/files\/2012\/04\/Pontederia-cordata-3-394x300.jpg 394w\" sizes=\"auto, (max-width: 1011px) 100vw, 1011px\" \/><\/a><span style=\"color: #000000\"><strong>Foto 3 &#8211;\u00a0<\/strong><\/span>Detalhe das flores.<\/p>\n<p><span style=\"color: #008000\"><strong>Fam\u00edlia:<\/strong> <\/span>Pontederiaceae.<\/p>\n<p><span style=\"color: #008000\"><strong>Nome cient\u00edfico:\u00a0<\/strong><\/span><em>Pontederia cordata<\/em> L.<\/p>\n<p><strong><span style=\"color: #008000\">Nomes populares<\/span><span style=\"color: #008000\">:<\/span><\/strong>\u00a0aguap\u00e9.<\/p>\n<p><span style=\"color: #008000\"><strong>DESCRI\u00c7\u00c3O DA ESP\u00c9CIE<\/strong><\/span><\/p>\n<p>Aguap\u00e9 planta aqu\u00e1tica nativa da Mata Atl\u00e2ntica.<\/p>\n<p><span style=\"color: #008000\"><strong>Bibliografia consultada<\/strong><\/span><\/p>\n<p style=\"text-align: justify\">LORENZI H. <strong>Plantas ornamentais no Brasil: arbustivas, herb\u00e1ceas e trepadeiras<\/strong>. 4. \u00a0Nova Odessa, SP: Instituto Plantarum, 2008.<\/p>\n","protected":false},"excerpt":{"rendered":"<p>Foto 1 &#8211;\u00a0Detalhe das folhas e flores.Foto 2 &#8211;\u00a0Detalhe das folhas e flores.Foto 3 &#8211;\u00a0Detalhe das flores. Fam\u00edlia: Pontederiaceae. Nome cient\u00edfico:\u00a0Pontederia cordata L. Nomes populares:\u00a0aguap\u00e9. DESCRI\u00c7\u00c3O DA ESP\u00c9CIE Aguap\u00e9 planta aqu\u00e1tica nativa da Mata Atl\u00e2ntica. Bibliografia consultada LORENZI H. Plantas &hellip; <a href=\"https:\/\/sites.unicentro.br\/wp\/manejoflorestal\/9168-2\/\">Continue lendo <span class=\"meta-nav\">&rarr;<\/span><\/a><\/p>\n","protected":false},"author":25,"featured_media":0,"parent":0,"menu_order":0,"comment_status":"open","ping_status":"open","template":"","meta":{"_exactmetrics_skip_tracking":false,"_exactmetrics_sitenote_active":false,"_exactmetrics_sitenote_note":"","_exactmetrics_sitenote_category":0,"footnotes":""},"class_list":["post-9168","page","type-page","status-publish","hentry"],"_links":{"self":[{"href":"https:\/\/sites.unicentro.br\/wp\/manejoflorestal\/wp-json\/wp\/v2\/pages\/9168","targetHints":{"allow":["GET"]}}],"collection":[{"href":"https:\/\/sites.unicentro.br\/wp\/manejoflorestal\/wp-json\/wp\/v2\/pages"}],"about":[{"href":"https:\/\/sites.unicentro.br\/wp\/manejoflorestal\/wp-json\/wp\/v2\/types\/page"}],"author":[{"embeddable":true,"href":"https:\/\/sites.unicentro.br\/wp\/manejoflorestal\/wp-json\/wp\/v2\/users\/25"}],"replies":[{"embeddable":true,"href":"https:\/\/sites.unicentro.br\/wp\/manejoflorestal\/wp-json\/wp\/v2\/comments?post=9168"}],"version-history":[{"count":5,"href":"https:\/\/sites.unicentro.br\/wp\/manejoflorestal\/wp-json\/wp\/v2\/pages\/9168\/revisions"}],"predecessor-version":[{"id":26492,"href":"https:\/\/sites.unicentro.br\/wp\/manejoflorestal\/wp-json\/wp\/v2\/pages\/9168\/revisions\/26492"}],"wp:attachment":[{"href":"https:\/\/sites.unicentro.br\/wp\/manejoflorestal\/wp-json\/wp\/v2\/media?parent=9168"}],"curies":[{"name":"wp","href":"https:\/\/api.w.org\/{rel}","templated":true}]}}