{"id":9465,"date":"2012-09-04T10:24:17","date_gmt":"2012-09-04T13:24:17","guid":{"rendered":"http:\/\/sites.unicentro.br\/wp\/manejoflorestal\/?page_id=9465"},"modified":"2020-07-01T14:46:15","modified_gmt":"2020-07-01T17:46:15","slug":"9465-2","status":"publish","type":"page","link":"https:\/\/sites.unicentro.br\/wp\/manejoflorestal\/9465-2\/","title":{"rendered":"Styrax leprosus Hook. &amp; Arn. Canela-raposa, canela-seiva"},"content":{"rendered":"<p><a class=\"lightbox\" title=\"1 - Styrax leprosus Hooker et Arnott\" href=\"http:\/\/sites.unicentro.br\/wp\/manejoflorestal\/files\/2012\/04\/1-Styrax-leprosus-Hooker-et-Arnott.jpg\"><img loading=\"lazy\" decoding=\"async\" class=\"aligncenter size-full wp-image-3250\" title=\"1 - Styrax leprosus Hooker et Arnott\" src=\"http:\/\/sites.unicentro.br\/wp\/manejoflorestal\/files\/2012\/04\/1-Styrax-leprosus-Hooker-et-Arnott.jpg\" alt=\"\" width=\"917\" height=\"768\" srcset=\"https:\/\/sites.unicentro.br\/wp\/manejoflorestal\/files\/2012\/04\/1-Styrax-leprosus-Hooker-et-Arnott.jpg 716w, https:\/\/sites.unicentro.br\/wp\/manejoflorestal\/files\/2012\/04\/1-Styrax-leprosus-Hooker-et-Arnott-300x251.jpg 300w, https:\/\/sites.unicentro.br\/wp\/manejoflorestal\/files\/2012\/04\/1-Styrax-leprosus-Hooker-et-Arnott-358x300.jpg 358w\" sizes=\"auto, (max-width: 917px) 100vw, 917px\" \/><\/a><span style=\"color: #000000\"><strong>Foto 1 &#8211;<\/strong><\/span>\u00a0Detalhe das folhas frente e verso bot\u00f5es florais.<a class=\"lightbox\" title=\"2 - Styrax leprosus Hooker et Arnott\" href=\"http:\/\/sites.unicentro.br\/wp\/manejoflorestal\/files\/2012\/04\/2-Styrax-leprosus-Hooker-et-Arnott.jpg\"><img loading=\"lazy\" decoding=\"async\" class=\"aligncenter size-full wp-image-3251\" title=\"2 - Styrax leprosus Hooker et Arnott\" src=\"http:\/\/sites.unicentro.br\/wp\/manejoflorestal\/files\/2012\/04\/2-Styrax-leprosus-Hooker-et-Arnott.jpg\" alt=\"\" width=\"990\" height=\"768\" srcset=\"https:\/\/sites.unicentro.br\/wp\/manejoflorestal\/files\/2012\/04\/2-Styrax-leprosus-Hooker-et-Arnott.jpg 773w, https:\/\/sites.unicentro.br\/wp\/manejoflorestal\/files\/2012\/04\/2-Styrax-leprosus-Hooker-et-Arnott-300x232.jpg 300w, https:\/\/sites.unicentro.br\/wp\/manejoflorestal\/files\/2012\/04\/2-Styrax-leprosus-Hooker-et-Arnott-386x300.jpg 386w\" sizes=\"auto, (max-width: 990px) 100vw, 990px\" \/><\/a><span style=\"color: #000000\"><strong>Foto 2 &#8211;<\/strong><\/span>\u00a0Detalhe das flores bissexuais alvas, interiormente prateadas.<a href=\"http:\/\/sites.unicentro.br\/wp\/manejoflorestal\/files\/2012\/09\/Canela-raposa1.jpg\"><img loading=\"lazy\" decoding=\"async\" class=\"alignleft size-full wp-image-28416\" src=\"http:\/\/sites.unicentro.br\/wp\/manejoflorestal\/files\/2012\/09\/Canela-raposa1.jpg\" alt=\"Canela-raposa\" width=\"1220\" height=\"804\" srcset=\"https:\/\/sites.unicentro.br\/wp\/manejoflorestal\/files\/2012\/09\/Canela-raposa1.jpg 800w, https:\/\/sites.unicentro.br\/wp\/manejoflorestal\/files\/2012\/09\/Canela-raposa1-300x198.jpg 300w, https:\/\/sites.unicentro.br\/wp\/manejoflorestal\/files\/2012\/09\/Canela-raposa1-1024x675.jpg 1024w, https:\/\/sites.unicentro.br\/wp\/manejoflorestal\/files\/2012\/09\/Canela-raposa1-455x300.jpg 455w\" sizes=\"auto, (max-width: 1220px) 100vw, 1220px\" \/><\/a><\/p>\n<p><span style=\"color: #000000\"><strong>Foto 3 &#8211;<\/strong><\/span>\u00a0Detalhe da esp\u00e9cie com bot\u00f5es florais, atraindo insetos e borboletas.<a href=\"http:\/\/sites.unicentro.br\/wp\/manejoflorestal\/9465-2\/attachment\/canela-raposa-3\/\" rel=\"attachment wp-att-32417\"><img loading=\"lazy\" decoding=\"async\" class=\"alignleft size-full wp-image-32417\" src=\"http:\/\/sites.unicentro.br\/wp\/manejoflorestal\/files\/2012\/09\/Canela-raposa-1.jpg\" alt=\"canela-raposa\" width=\"1220\" height=\"1011\" srcset=\"https:\/\/sites.unicentro.br\/wp\/manejoflorestal\/files\/2012\/09\/Canela-raposa-1.jpg 1220w, https:\/\/sites.unicentro.br\/wp\/manejoflorestal\/files\/2012\/09\/Canela-raposa-1-300x249.jpg 300w, https:\/\/sites.unicentro.br\/wp\/manejoflorestal\/files\/2012\/09\/Canela-raposa-1-768x636.jpg 768w, https:\/\/sites.unicentro.br\/wp\/manejoflorestal\/files\/2012\/09\/Canela-raposa-1-1024x849.jpg 1024w, https:\/\/sites.unicentro.br\/wp\/manejoflorestal\/files\/2012\/09\/Canela-raposa-1-362x300.jpg 362w\" sizes=\"auto, (max-width: 1220px) 100vw, 1220px\" \/><\/a><\/p>\n<p><strong>Foto 4 &#8211;<\/strong>\u00a0Drupa escamosa sua polpa \u00e9 adocicada e suculenta.<a href=\"http:\/\/sites.unicentro.br\/wp\/manejoflorestal\/9465-2\/attachment\/1-sabia-2\/\" rel=\"attachment wp-att-29486\"><img loading=\"lazy\" decoding=\"async\" class=\"alignleft size-full wp-image-29486\" src=\"http:\/\/sites.unicentro.br\/wp\/manejoflorestal\/files\/2012\/09\/1-sabia.jpg\" alt=\"1-sabia\" width=\"1280\" height=\"966\" srcset=\"https:\/\/sites.unicentro.br\/wp\/manejoflorestal\/files\/2012\/09\/1-sabia.jpg 795w, https:\/\/sites.unicentro.br\/wp\/manejoflorestal\/files\/2012\/09\/1-sabia-300x226.jpg 300w, https:\/\/sites.unicentro.br\/wp\/manejoflorestal\/files\/2012\/09\/1-sabia-768x580.jpg 768w, https:\/\/sites.unicentro.br\/wp\/manejoflorestal\/files\/2012\/09\/1-sabia-1024x773.jpg 1024w, https:\/\/sites.unicentro.br\/wp\/manejoflorestal\/files\/2012\/09\/1-sabia-398x300.jpg 398w\" sizes=\"auto, (max-width: 1280px) 100vw, 1280px\" \/><\/a><\/p>\n<p><strong>Foto 5<\/strong>&#8211; Sabi\u00e1-poca\u00a0<i>Turdus amaurochalinus <\/i>Cabanis,1850. Consumidor de sementes da esp\u00e9cie.<a href=\"http:\/\/sites.unicentro.br\/wp\/manejoflorestal\/files\/2012\/09\/Canela-raposa.jpg\"><img loading=\"lazy\" decoding=\"async\" class=\"alignleft size-full wp-image-25614\" src=\"http:\/\/sites.unicentro.br\/wp\/manejoflorestal\/files\/2012\/09\/Canela-raposa.jpg\" alt=\"Canela-raposa\" width=\"1280\" height=\"943\" srcset=\"https:\/\/sites.unicentro.br\/wp\/manejoflorestal\/files\/2012\/09\/Canela-raposa.jpg 800w, https:\/\/sites.unicentro.br\/wp\/manejoflorestal\/files\/2012\/09\/Canela-raposa-300x221.jpg 300w, https:\/\/sites.unicentro.br\/wp\/manejoflorestal\/files\/2012\/09\/Canela-raposa-1024x754.jpg 1024w, https:\/\/sites.unicentro.br\/wp\/manejoflorestal\/files\/2012\/09\/Canela-raposa-407x300.jpg 407w\" sizes=\"auto, (max-width: 1280px) 100vw, 1280px\" \/><\/a><\/p>\n<p style=\"text-align: justify\"><span style=\"color: #000000\"><strong>Foto 6 &#8211;<\/strong><\/span>\u00a0Tronco geralmente reto cil\u00edndrico, casca externa gris\u00e1cea, com manchas de cor castanho-clara, com fissuras que se desprendem em placas irregulares sua casca interna rosa-escura cor de carne.<\/p>\n<p><span style=\"color: #008000\"><strong>Fam\u00edlia:<\/strong> <\/span>Styracaceae.<\/p>\n<p><span style=\"color: #008000\"><strong>Nome cient\u00edfico:<\/strong><\/span>\u00a0<em>Styrax leprosus<\/em> Hook. &amp; Arn.<\/p>\n<p><span style=\"color: #008000\"><strong>Sinon\u00edmia bot\u00e2nica:<\/strong><\/span><em> Striligia leprosa<\/em> (Hook. et Arn.).; <em>Styrax leprosus<\/em> f. latifolia Chodat et Hassler.<\/p>\n<p><span style=\"color: #008000\"><strong>Nomes populares:<\/strong><\/span>\u00a0benjoeiro-jaguatinga (RNC), canela-raposa, canela-seiva<\/p>\n<p><span style=\"color: #008000\"><strong>Nome em outros pa\u00edses<\/strong><\/span>: Argentina carne de vaca, Paraguai carne de vaca e ka&#8217; ati.<\/p>\n<p><span style=\"color: #008000\"><strong>Origem do nome \u00a0da esp\u00e9cie: <\/strong><\/span><em>Styrax<\/em> vem do \u00e1rabe assthirad, que significa gota, referente a exsuda\u00e7\u00e3o,<em> leprosus<\/em>\u00a0 rela\u00e7\u00e3o ao \u00a0indumento,algumas partes da planta s\u00e3o recobertas por escamas peltadas (FLASTER,1973). Figura- 6.<\/p>\n<p><span style=\"color: #008000\"><strong>DESCRI\u00c7\u00c3O DA ESP\u00c9CIE<\/strong><\/span><\/p>\n<p>\u00c1rvore perenif\u00f3lia, esp\u00e9cie secund\u00e1ria tardia. Sua altura atinge \u00a0at\u00e9 20 m e di\u00e2metro de at\u00e9 45 cm.<\/p>\n<p><span style=\"color: #008000\"><strong>Folhas:<\/strong><\/span>\u00a0simples, alternas, lanceoladas, verdes e prateadas, discolores, cart\u00e1cea, com pelos escamiformes.<\/p>\n<p><span style=\"color: #008000\"><strong>Flores:<\/strong><\/span>\u00a0bissexuais, creme, pent\u00e2meras.<\/p>\n<p><span style=\"color: #008000\"><strong>Fruto:<\/strong><span style=\"color: #000000\"> drupa escamosa sua polpa \u00e9 adocicada e suculenta.<\/span><\/span><\/p>\n<p><span style=\"color: #008000\"><strong>Flora\u00e7\u00e3o:<\/strong><\/span>\u00a0setembro-outubro.<\/p>\n<p><span style=\"color: #008000\"><strong>Frutifica\u00e7\u00e3o:<\/strong><\/span>\u00a0novembro- dezembro.<\/p>\n<p><span style=\"color: #008000\"><strong>Sistema sexual:<\/strong> <\/span>monoica.<\/p>\n<p><span style=\"color: #008000\"><strong>Poliniza\u00e7\u00e3o:<\/strong><\/span>abelhas e diversos insetos.<\/p>\n<p><span style=\"color: #008000\"><strong>Dispers\u00e3o<\/strong><\/span>: autoc\u00f3rica, baroc\u00f3rica (por gravidade) e principalmente zooc\u00f3rica, muito visitada por aves.<\/p>\n<p><span style=\"color: #008000\"><strong>Ocorr\u00eancia:<\/strong><\/span> Floresta Estacional Decidual, Floresta Ombr\u00f3fila Densa, Floresta Ombr\u00f3fila Mista, de Minas Gerais ao Rio Grande do Sul.<\/p>\n<p><span style=\"color: #008000\"><strong>Ap\u00edcola:<\/strong><\/span>\u00a0suas flores s\u00e3o visitadas por abelhas e outros insetos.<\/p>\n<p><span style=\"color: #008000\"><strong>Paisag\u00edstico:<\/strong><\/span>\u00a0pela colora\u00e7\u00e3o de suas folhas e suas lindas flores a esp\u00e9cie \u00e9 indicada para ornamenta\u00e7\u00e3o e paisagismo.<\/p>\n<p><span style=\"color: #008000\"><strong>Utiliza\u00e7\u00e3o:<\/strong> <\/span>pasta para papel, carpintaria geral, como tabuado e caixotaria, cabos de ferramentas e cabos de vassouras.<\/p>\n<p><strong><span style=\"color: #008000\">Medicinal:<\/span><\/strong> Usada na medicina caseira, no preparo de ch\u00e1s e xaropes para combater tuberculose, afec\u00e7\u00f5es dos pulm\u00f5es, anemias e blenorragia (FRANCO; FONTANA1997).<\/p>\n<p><span style=\"color: #ff0000\"><strong>Recomenda-se precau\u00e7\u00e3o para o uso da planta para fins medicinais, devido as suas propriedades t\u00f3xicas (Correia,1926)<\/strong><\/span><\/p>\n<p><span style=\"color: #ff0000\"><strong>AS PLANTAS AQUI REFERIDAS S\u00d3 DEVEM SER UTILIZADAS COM ORIENTA\u00c7\u00c3O DE PROFISSIONAIS DA \u00c1REA DE SA\u00daDE!<\/strong><\/span><\/p>\n<p><strong><span style=\"color: #008000\">Bibliografia consultada<\/span><\/strong><\/p>\n<p style=\"text-align: justify\">CARVALHO, P.E.R. <strong>Esp\u00e9cies arb\u00f3reas brasileiras.\u00a0<\/strong>Cole\u00e7\u00e3o Esp\u00e9cies Arb\u00f3reas Brasileiras, vol. 3.<strong>\u00a0<\/strong>Bras\u00edlia, DF; Colombo, PR; Embrapa Florestas 2008.593 p.<\/p>\n<p style=\"text-align: justify\">CARVALHO, P. E. R.;\u00a0ZELAZOWSKI, W. H.; \u00a0LOPES, G. L.\u00a0C<strong>ompara\u00e7\u00e3o entre esp\u00e9cies florestais nativas em Foz do Igua\u00e7u, PR<\/strong>.<strong>\u00a0<\/strong>Colombo: EMBRAPA-CNPF, 1999.\u00a02 p.\u00a0(EMBRAPA-CNPF. Pesquisa em andamento, 16).\u00a0Biblioteca(s):CNPF (FL PA0016 UMT).<\/p>\n<p>Minist\u00e9rio da Agricultura Pecu\u00e1ria e Abastecimento. <strong>Registro Nacional de Cultivares<\/strong> <strong>RNC<\/strong>. Dispon\u00edvel em: <a href=\"http:\/\/extranet.agricultura.gov.br\/php\/proton\/cultivarweb\/cultivares_registradas.php\">http:\/\/extranet.agricultura.gov.br\/php\/proton\/cultivarweb\/cultivares_registradas.php<\/a> Acesso em: 23\/10\/2011.<\/p>\n","protected":false},"excerpt":{"rendered":"<p>Foto 1 &#8211;\u00a0Detalhe das folhas frente e verso bot\u00f5es florais.Foto 2 &#8211;\u00a0Detalhe das flores bissexuais alvas, interiormente prateadas. Foto 3 &#8211;\u00a0Detalhe da esp\u00e9cie com bot\u00f5es florais, atraindo insetos e borboletas. Foto 4 &#8211;\u00a0Drupa escamosa sua polpa \u00e9 adocicada e suculenta. &hellip; <a href=\"https:\/\/sites.unicentro.br\/wp\/manejoflorestal\/9465-2\/\">Continue lendo <span class=\"meta-nav\">&rarr;<\/span><\/a><\/p>\n","protected":false},"author":25,"featured_media":0,"parent":0,"menu_order":0,"comment_status":"open","ping_status":"open","template":"","meta":{"_exactmetrics_skip_tracking":false,"_exactmetrics_sitenote_active":false,"_exactmetrics_sitenote_note":"","_exactmetrics_sitenote_category":0,"footnotes":""},"class_list":["post-9465","page","type-page","status-publish","hentry"],"_links":{"self":[{"href":"https:\/\/sites.unicentro.br\/wp\/manejoflorestal\/wp-json\/wp\/v2\/pages\/9465","targetHints":{"allow":["GET"]}}],"collection":[{"href":"https:\/\/sites.unicentro.br\/wp\/manejoflorestal\/wp-json\/wp\/v2\/pages"}],"about":[{"href":"https:\/\/sites.unicentro.br\/wp\/manejoflorestal\/wp-json\/wp\/v2\/types\/page"}],"author":[{"embeddable":true,"href":"https:\/\/sites.unicentro.br\/wp\/manejoflorestal\/wp-json\/wp\/v2\/users\/25"}],"replies":[{"embeddable":true,"href":"https:\/\/sites.unicentro.br\/wp\/manejoflorestal\/wp-json\/wp\/v2\/comments?post=9465"}],"version-history":[{"count":23,"href":"https:\/\/sites.unicentro.br\/wp\/manejoflorestal\/wp-json\/wp\/v2\/pages\/9465\/revisions"}],"predecessor-version":[{"id":34288,"href":"https:\/\/sites.unicentro.br\/wp\/manejoflorestal\/wp-json\/wp\/v2\/pages\/9465\/revisions\/34288"}],"wp:attachment":[{"href":"https:\/\/sites.unicentro.br\/wp\/manejoflorestal\/wp-json\/wp\/v2\/media?parent=9465"}],"curies":[{"name":"wp","href":"https:\/\/api.w.org\/{rel}","templated":true}]}}