{"id":1037,"date":"2015-05-08T13:44:40","date_gmt":"2015-05-08T16:44:40","guid":{"rendered":"http:\/\/sites.unicentro.br\/wp\/petfisica\/?page_id=1037"},"modified":"2018-05-30T13:50:14","modified_gmt":"2018-05-30T16:50:14","slug":"projetos-desenvolvidos-em-periodos-anteriores","status":"publish","type":"page","link":"https:\/\/sites.unicentro.br\/wp\/petfisica\/atividades\/pesquisa\/projetos-desenvolvidos-em-periodos-anteriores\/","title":{"rendered":"Projetos 2009 &#8211; 2012"},"content":{"rendered":"<p><span style=\"text-decoration: underline\">Caracteriza\u00e7\u00e3o de Elementos Inorg\u00e2nicos em Protetores Labiais e Batons por EDXRF.<\/span><br \/>\nPetiana: Luana Cristina Wouk.<br \/>\nOrientador: Prof. Dr. F\u00e1bio Luiz Melqu\u00edades.<br \/>\nResumo: O objetivo deste trabalho de pesquisa \u00e9 identificar e quantificar os metais indesej\u00e1veis em formula\u00e7\u00f5es cosm\u00e9ticas e\/ou farmac\u00eauticas, especificamente protetores labiais e batons, bem como desenvolver uma metodologia para quantificar estes elementos com uso de amostras em natura.<\/p>\n<p style=\"text-align: justify\"><span style=\"text-decoration: underline\">Estudo de Bilhares Qu\u00e2nticos<\/span>.<br \/>\nPetiano: Emanuel Chimanski.<br \/>\nOrientador: Prof. Dr. Eduardo Vicentini.<br \/>\nResumo: O objetivo deste trabalho \u00e9 investigar propriedades de bilhares qu\u00e2nticos, manifestas na chamada Estat\u00edstica de N\u00edveis, utilizando&nbsp;t\u00e9cnicas modernas de determina\u00e7\u00e3o de n\u00edveis qu\u00e2nticos.<\/p>\n<p style=\"text-align: justify\"><span style=\"text-decoration: underline\">Introdu\u00e7\u00e3o \u00e0 Teoria de Supercordas<\/span>.<br \/>\nPetiano: Jo\u00e3o Paulo Smykaluk.<br \/>\nOrientador: Prof. Dr. Eduardo Vicentini.<br \/>\nResumo: O objetivo deste trabalho \u00e9 introduzir o acad\u00eamico nos principais conceitos e ferramentas matem\u00e1ticas relacionados com a Teoria de Supercordas. Tamb\u00e9m visa desenvolver material de divulga\u00e7\u00e3o sobre o tema para professores do Ensino M\u00e9dio.<\/p>\n<!-- AddThis Advanced Settings generic via filter on the_content --><!-- AddThis Share Buttons generic via filter on the_content -->","protected":false},"excerpt":{"rendered":"<p>Caracteriza\u00e7\u00e3o de Elementos Inorg\u00e2nicos em Protetores Labiais e Batons por EDXRF. Petiana: Luana Cristina Wouk. Orientador: Prof. Dr. F\u00e1bio Luiz Melqu\u00edades. Resumo: O objetivo deste trabalho de pesquisa \u00e9 identificar e quantificar os metais indesej\u00e1veis em formula\u00e7\u00f5es cosm\u00e9ticas e\/ou farmac\u00eauticas, &hellip; <a class=\"more-link\" href=\"https:\/\/sites.unicentro.br\/wp\/petfisica\/atividades\/pesquisa\/projetos-desenvolvidos-em-periodos-anteriores\/\">Continuar lendo <span class=\"meta-nav\">&rarr;<\/span><\/a><!-- AddThis Advanced Settings generic via filter on wp_trim_excerpt --><!-- AddThis Share Buttons generic via filter on wp_trim_excerpt --><\/p>\n","protected":false},"author":16,"featured_media":0,"parent":44,"menu_order":8,"comment_status":"open","ping_status":"open","template":"","meta":{"_exactmetrics_skip_tracking":false,"_exactmetrics_sitenote_active":false,"_exactmetrics_sitenote_note":"","_exactmetrics_sitenote_category":0,"ngg_post_thumbnail":0,"footnotes":""},"class_list":["post-1037","page","type-page","status-publish","hentry"],"_links":{"self":[{"href":"https:\/\/sites.unicentro.br\/wp\/petfisica\/wp-json\/wp\/v2\/pages\/1037","targetHints":{"allow":["GET"]}}],"collection":[{"href":"https:\/\/sites.unicentro.br\/wp\/petfisica\/wp-json\/wp\/v2\/pages"}],"about":[{"href":"https:\/\/sites.unicentro.br\/wp\/petfisica\/wp-json\/wp\/v2\/types\/page"}],"author":[{"embeddable":true,"href":"https:\/\/sites.unicentro.br\/wp\/petfisica\/wp-json\/wp\/v2\/users\/16"}],"replies":[{"embeddable":true,"href":"https:\/\/sites.unicentro.br\/wp\/petfisica\/wp-json\/wp\/v2\/comments?post=1037"}],"version-history":[{"count":3,"href":"https:\/\/sites.unicentro.br\/wp\/petfisica\/wp-json\/wp\/v2\/pages\/1037\/revisions"}],"predecessor-version":[{"id":3299,"href":"https:\/\/sites.unicentro.br\/wp\/petfisica\/wp-json\/wp\/v2\/pages\/1037\/revisions\/3299"}],"up":[{"embeddable":true,"href":"https:\/\/sites.unicentro.br\/wp\/petfisica\/wp-json\/wp\/v2\/pages\/44"}],"wp:attachment":[{"href":"https:\/\/sites.unicentro.br\/wp\/petfisica\/wp-json\/wp\/v2\/media?parent=1037"}],"curies":[{"name":"wp","href":"https:\/\/api.w.org\/{rel}","templated":true}]}}