{"id":1107,"date":"2016-08-16T21:07:27","date_gmt":"2016-08-17T00:07:27","guid":{"rendered":"http:\/\/sites.unicentro.br\/wp\/petfisica\/?page_id=1107"},"modified":"2018-08-21T10:20:18","modified_gmt":"2018-08-21T13:20:18","slug":"2014-2","status":"publish","type":"page","link":"https:\/\/sites.unicentro.br\/wp\/petfisica\/atividades\/iii-ciclo-de-seminarios-do-defis\/2014-2\/","title":{"rendered":"2014"},"content":{"rendered":"<p style=\"text-align: center\"><span style=\"font-size: 18pt\"><strong>VI Ciclo de Semin\u00e1rios do DEFIS&nbsp;<\/strong><\/span><\/p>\n<p style=\"text-align: center\"><strong>Organiza\u00e7\u00e3o \u2013 PET \u2013 F\u00edsica<\/strong><\/p>\n<p>Estudo das velocidades de rota\u00e7\u00e3o das estrelas tipo Be<\/p>\n<p>Prof. Msc. Camila Maria Sitko Meira dos Santos<\/p>\n<p>(DEFIS &#8211; UNICENTRO)<\/p>\n<p>Data: 03\/07\/2014<\/p>\n<p>&#8220;Estudo da luminesc\u00eancia de vidros dopados com \u00edons terras-raras&#8221;<\/p>\n<p>Prof. Dra. Aline Milan Farias<\/p>\n<p>(UTFPR &#8211; Guarapuava)<\/p>\n<p>Data: 02\/09\/2014<\/p>\n<p>Detec\u00e7\u00e3o de horm\u00f4nios sexuais em \u00e1gua subterr\u00e2nea utilizando cromatografia a g\u00e1s acoplada a espectrometria de massas (GC\/MS).<\/p>\n<p>Prof. Msc. Graciele Gonschorowski<\/p>\n<p>(DEMAT &#8211; UNICENTRO)<\/p>\n<p>Data: 06\/08\/2014<\/p>\n<p>Linhas de Pesquisa do Programa de P\u00f3s-Gradua\u00e7\u00e3o em Ci\u00eancias (F\u00edsica) da UEPG.<\/p>\n<p>Prof. Dr. S\u00e9rgio Saab<\/p>\n<p>(DEFIS &#8211; UEPG)<\/p>\n<p>Data: 09\/10\/2014<\/p>\n<!-- AddThis Advanced Settings generic via filter on the_content --><!-- AddThis Share Buttons generic via filter on the_content -->","protected":false},"excerpt":{"rendered":"<p>VI Ciclo de Semin\u00e1rios do DEFIS&nbsp; Organiza\u00e7\u00e3o \u2013 PET \u2013 F\u00edsica Estudo das velocidades de rota\u00e7\u00e3o das estrelas tipo Be Prof. Msc. Camila Maria Sitko Meira dos Santos (DEFIS &#8211; UNICENTRO) Data: 03\/07\/2014 &#8220;Estudo da luminesc\u00eancia de vidros dopados com &hellip; <a class=\"more-link\" href=\"https:\/\/sites.unicentro.br\/wp\/petfisica\/atividades\/iii-ciclo-de-seminarios-do-defis\/2014-2\/\">Continuar lendo <span class=\"meta-nav\">&rarr;<\/span><\/a><!-- AddThis Advanced Settings generic via filter on wp_trim_excerpt --><!-- AddThis Share Buttons generic via filter on wp_trim_excerpt --><\/p>\n","protected":false},"author":16,"featured_media":0,"parent":51,"menu_order":7,"comment_status":"open","ping_status":"open","template":"","meta":{"_exactmetrics_skip_tracking":false,"_exactmetrics_sitenote_active":false,"_exactmetrics_sitenote_note":"","_exactmetrics_sitenote_category":0,"ngg_post_thumbnail":0,"footnotes":""},"class_list":["post-1107","page","type-page","status-publish","hentry"],"_links":{"self":[{"href":"https:\/\/sites.unicentro.br\/wp\/petfisica\/wp-json\/wp\/v2\/pages\/1107","targetHints":{"allow":["GET"]}}],"collection":[{"href":"https:\/\/sites.unicentro.br\/wp\/petfisica\/wp-json\/wp\/v2\/pages"}],"about":[{"href":"https:\/\/sites.unicentro.br\/wp\/petfisica\/wp-json\/wp\/v2\/types\/page"}],"author":[{"embeddable":true,"href":"https:\/\/sites.unicentro.br\/wp\/petfisica\/wp-json\/wp\/v2\/users\/16"}],"replies":[{"embeddable":true,"href":"https:\/\/sites.unicentro.br\/wp\/petfisica\/wp-json\/wp\/v2\/comments?post=1107"}],"version-history":[{"count":3,"href":"https:\/\/sites.unicentro.br\/wp\/petfisica\/wp-json\/wp\/v2\/pages\/1107\/revisions"}],"predecessor-version":[{"id":3714,"href":"https:\/\/sites.unicentro.br\/wp\/petfisica\/wp-json\/wp\/v2\/pages\/1107\/revisions\/3714"}],"up":[{"embeddable":true,"href":"https:\/\/sites.unicentro.br\/wp\/petfisica\/wp-json\/wp\/v2\/pages\/51"}],"wp:attachment":[{"href":"https:\/\/sites.unicentro.br\/wp\/petfisica\/wp-json\/wp\/v2\/media?parent=1107"}],"curies":[{"name":"wp","href":"https:\/\/api.w.org\/{rel}","templated":true}]}}