{"id":2578,"date":"2016-10-25T19:24:24","date_gmt":"2016-10-25T22:24:24","guid":{"rendered":"http:\/\/sites.unicentro.br\/wp\/petfisica\/?page_id=2578"},"modified":"2016-10-28T08:26:09","modified_gmt":"2016-10-28T11:26:09","slug":"apresentacao","status":"publish","type":"page","link":"https:\/\/sites.unicentro.br\/wp\/petfisica\/atividades\/nobel-em-fisica\/apresentacao\/","title":{"rendered":"Apresenta\u00e7\u00e3o"},"content":{"rendered":"<p style=\"text-align: justify\">\u00a0 \u00a0 \u00a0 \u00a0 \u00a0 \u00a0Segundo consta na hist\u00f3ria, em 1864, o qu\u00edmico sueco Alfred Nobel (1833-1896), inventor da dinamite, ap\u00f3s ler o err\u00f4neo obitu\u00e1rio de sua morte publicado em um jornal franc\u00eas, denominando-o como \u201co homem que tornou poss\u00edvel matar muitas pessoas, mais rapidamente, do que qualquer outro que jamais tinha vivido\u201d, decidiu, ent\u00e3o, ao perceber o legado que deixaria para o mundo, incluir em seu testamento, que sua fortuna deveria ser destinada a premiar e reconhecer iniciativas em prol da humanidade, e assim, a partir de 1901, todos os anos, os pr\u00eamios s\u00e3o entregues em uma cerim\u00f4nia no dia 10 de Dezembro, que foi o dia de sua morte em 1896, mas os vencedores s\u00e3o anunciados antes.<\/p>\n<p style=\"text-align: justify\">\u00a0 \u00a0 \u00a0 \u00a0 \u00a0 O Pr\u00eamio Nobel de F\u00edsica foi concedido 110 vezes para 204 laureados entre 1901 e 2016, sendo que um deles, John Bardeen, recebeu duas vezes o pr\u00eamio, em 1956 e 1972. O primeiro ganhador do Nobel de F\u00edsica foi Wilhelm Conrad R\u00f6ntgen em 1901, e os \u00faltimos, at\u00e9 o ano atual, 2016, foram David J. Thouless, F. Duncan M. Haldane e J. Michael Kosterlitz. Apenas duas mulheres, Marie Curie (1903) e Maria Goeppert-Mayer (1963) foram galardoadas com esse pr\u00eamio. Lawrence Bragg recebeu o pr\u00eamio em 1915, e se tornou o mais jovem laureado da F\u00edsica aos 25 anos, e o mais velho foi Raymond Davis Jr. em 2002.<\/p>\n<p style=\"text-align: justify\">\u00a0 \u00a0 \u00a0 \u00a0 \u00a0 \u00a0Voc\u00ea pode conferir alguns dos laureados com o pr\u00eamio Nobel de F\u00edsica a seguir, e conferir seus excepcionais trabalhos, ainda presentes nos estudos atuais, e quem sabe eles n\u00e3o te inspiram, e um dia seu nome estar\u00e1 entre eles, pois tudo \u00e9 poss\u00edvel para aquele que se dedica \u00e0 compreens\u00e3o das inc\u00f3gnitas do Universo, e que contribui com o avan\u00e7o do conhecimento humano.<\/p>\n<p style=\"text-align: justify\">\u00a0 \u00a0 \u00a0 \u00a0 \u00a0 \u00a0 \u00a0 Refer\u00eancias:<\/p>\n<p style=\"text-align: left\">MOREIRA, D. <strong>Conhe\u00e7a a origem dos pr\u00eamios Nobel<\/strong>. Dispon\u00edvel em: &lt;http:\/\/www.geniocriador.com.br\/fique-por-dentro\/165-conhe\u00e7a-a-origem-dos-pr\u00eamios-nobel.html#.WAVqB9IrLtS&gt;. Acesso em: 16 de outubro de 2016.<\/p>\n<p style=\"text-align: left\">MLA style: <strong>All Nobel Prizes in Physics<\/strong>. Nobelprize.org. Dispon\u00edvel em: &lt;http:\/\/www.nobelprize.org\/nobel_prizes\/physics\/laureates\/&gt;. Acesso em: 16 de outubro de 2016.<\/p>\n<p style=\"text-align: left\">NOVAIS, V. <strong>Pr\u00e9mio Nobel F\u00edsica para estados ex\u00f3ticos da mat\u00e9ria<\/strong>. Dispon\u00edvel em: &lt;http:\/\/observador.pt\/2016\/10\/04\/premio-nobel-fisica-para-transicoes-da-materia-exotica\/&gt;. Acesso em: 16 de outubro de 2016.<\/p>\n<p style=\"text-align: justify\">Autor do texto: Sanderson C. Ribeiro<\/p>\n<!-- AddThis Advanced Settings generic via filter on the_content --><!-- AddThis Share Buttons generic via filter on the_content -->","protected":false},"excerpt":{"rendered":"<p>\u00a0 \u00a0 \u00a0 \u00a0 \u00a0 \u00a0Segundo consta na hist\u00f3ria, em 1864, o qu\u00edmico sueco Alfred Nobel (1833-1896), inventor da dinamite, ap\u00f3s ler o err\u00f4neo obitu\u00e1rio de sua morte publicado em um jornal franc\u00eas, denominando-o como \u201co homem que tornou poss\u00edvel &hellip; <a class=\"more-link\" href=\"https:\/\/sites.unicentro.br\/wp\/petfisica\/atividades\/nobel-em-fisica\/apresentacao\/\">Continuar lendo <span class=\"meta-nav\">&rarr;<\/span><\/a><!-- AddThis Advanced Settings generic via filter on wp_trim_excerpt --><!-- AddThis Share Buttons generic via filter on wp_trim_excerpt --><\/p>\n","protected":false},"author":16,"featured_media":0,"parent":2575,"menu_order":0,"comment_status":"closed","ping_status":"closed","template":"","meta":{"_exactmetrics_skip_tracking":false,"_exactmetrics_sitenote_active":false,"_exactmetrics_sitenote_note":"","_exactmetrics_sitenote_category":0,"ngg_post_thumbnail":0,"footnotes":""},"class_list":["post-2578","page","type-page","status-publish","hentry"],"_links":{"self":[{"href":"https:\/\/sites.unicentro.br\/wp\/petfisica\/wp-json\/wp\/v2\/pages\/2578","targetHints":{"allow":["GET"]}}],"collection":[{"href":"https:\/\/sites.unicentro.br\/wp\/petfisica\/wp-json\/wp\/v2\/pages"}],"about":[{"href":"https:\/\/sites.unicentro.br\/wp\/petfisica\/wp-json\/wp\/v2\/types\/page"}],"author":[{"embeddable":true,"href":"https:\/\/sites.unicentro.br\/wp\/petfisica\/wp-json\/wp\/v2\/users\/16"}],"replies":[{"embeddable":true,"href":"https:\/\/sites.unicentro.br\/wp\/petfisica\/wp-json\/wp\/v2\/comments?post=2578"}],"version-history":[{"count":4,"href":"https:\/\/sites.unicentro.br\/wp\/petfisica\/wp-json\/wp\/v2\/pages\/2578\/revisions"}],"predecessor-version":[{"id":2624,"href":"https:\/\/sites.unicentro.br\/wp\/petfisica\/wp-json\/wp\/v2\/pages\/2578\/revisions\/2624"}],"up":[{"embeddable":true,"href":"https:\/\/sites.unicentro.br\/wp\/petfisica\/wp-json\/wp\/v2\/pages\/2575"}],"wp:attachment":[{"href":"https:\/\/sites.unicentro.br\/wp\/petfisica\/wp-json\/wp\/v2\/media?parent=2578"}],"curies":[{"name":"wp","href":"https:\/\/api.w.org\/{rel}","templated":true}]}}