{"id":3060,"date":"2017-02-17T07:29:23","date_gmt":"2017-02-17T10:29:23","guid":{"rendered":"http:\/\/sites.unicentro.br\/wp\/petfisica\/?page_id=3060"},"modified":"2018-02-21T18:23:34","modified_gmt":"2018-02-21T21:23:34","slug":"2017-2","status":"publish","type":"page","link":"https:\/\/sites.unicentro.br\/wp\/petfisica\/atividades\/extensao\/2017-2\/","title":{"rendered":"2017"},"content":{"rendered":"<p style=\"text-align: center\" align=\"justify\"><strong><span style=\"font-size: 18pt\">Participa\u00e7\u00e3o na V SIEPE<\/span><\/strong><\/p>\n<p style=\"text-align: justify\">Entre os dias 23 e 27 de outubro de 2017 ocorreu V Siepe \u2013 Semana de Integra\u00e7\u00e3o, ensino, pesquisa e extens\u00e3o da Unicentro &#8211; onde os petianos participaram apresentando trabalhos, ministrando minicursos, participando do interpet e ajudando na organiza\u00e7\u00e3o como monitores.<\/p>\n<p style=\"text-align: justify\">No dia 23 aconteceu a apresenta\u00e7\u00e3o de alguns dos trabalhos desenvolvidos no PET. No dia 25, na parte da tarde, foi ministrado um minicurso sobre como montar o curr\u00edculo Lattes, enquanto a noite ocorreu o EAIC onde os alguns petianos apresentaram tamb\u00e9m seus trabalhos de Inicia\u00e7\u00e3o Cient\u00edfica. O Interpet realizado no dia 26 foi uma experi\u00eancia diferente para os petianos que na parte da manh\u00e3 participaram de uma mesa redonda onde egressos ex-petianos foram convidados para falar sobre suas experi\u00eancias no per\u00edodo em que ainda participavam do PET, e durante a tarde ouve uma gincana com todos os grupos PET\u2019s da Unicentro promovendo uma grande intera\u00e7\u00e3o entre os grupos.<\/p>\n<p style=\"text-align: center\" align=\"justify\"><span style=\"font-family: times new roman,times,serif;font-size: 18pt;color: #333333\"><strong><b>Cursinho pr\u00e9-Enem<\/b><\/strong><\/span><\/p>\n<p align=\"justify\"><span style=\"font-family: times new roman,times,serif;font-size: 12pt\"><span style=\"color: #333333\">Nos dias 16 e 23 de setembro de 2017, o grupo PET\/F\u00edsica ministrou aulas preparat\u00f3rias para alunos do ensino m\u00e9dio que fazem o cursinho da UNICENTRO. Foram divididos entre o grupo as tem\u00e1ticas de F\u00edsica que se apresentavam no edital do ENEM, e a partir delas o grupos de dividiu em trios e duplas para o planejamento e execu\u00e7\u00e3o das aulas. Os petianos acharam que a atividade foi proveitosa tanto para eles mesmos quanto para os alunos, pois \u00e9 com a experi\u00eancia em sala de aula que \u00e9 aperfei\u00e7oada o papel de professor, j\u00e1 que o curso de F\u00edsica \u00e9 de licenciatura. <\/span><\/span><\/p>\n<p style=\"text-align: center\"><strong><span style=\"font-size: 18pt\">Participa\u00e7\u00e3o do XI JoparPET<\/span><br \/>\n<\/strong><\/p>\n<p style=\"text-align: justify\">No m\u00eas de setembro do ano de 2017, durante os dias 7, 8, 9 e 10, ocorreu o encontro dos petianos dos grupos paranaenses no evento da XI JoparPET, realizado na Universidade Estadual de Ponta Grossa tendo como tema: \u201cPET: Hist\u00f3ria e Valores na Constru\u00e7\u00e3o de uma Identidade\u201d, no qual buscou-se resgatar e valorizar os ideais que fundamentam e constroem a identidade dos petianos. O mesmo foi organizado pelos pr\u00f3prios discentes dos PET\u2019s: Qu\u00edmica, Engenharia de Alimentos e Hist\u00f3ria (UEPG) e Engenharia Qu\u00edmica (UTFPR). Teve como participantes, petianos de diversas Universidades, tais como a UEL, UEM, UNICENTRO, UTFPR, entre outras, tendo integrantes de v\u00e1rios PET\u2019s.<br \/>\nO dia 7 foi disponibilizado para realiza\u00e7\u00e3o dos credenciamentos, onde cada participantes deveria optar por quais oficinas e Grupos deTrabalhos (GDT\u2019s) participaria, sendo estas realizadas nos dias 7 e 8, respectivamente. Ainda no dia 7, no per\u00edodo da noite, foi realizada a cerim\u00f4nia de abertura, com apresenta\u00e7\u00f5es culturais e alguns palestrantes falando sobre o evento e a sua tem\u00e1tica.<br \/>\nNo dia 8, no per\u00edodo da manh\u00e3 foram realizadas as GDT\u2019s, sendo estas divida em cinco temas que ajudariam na melhoria dos grupos PET\u2019s. No turno da tarde, ocorreu o encontro entre petianos\/tutores, onde foram discutidos fatores de relev\u00e2ncia das condi\u00e7\u00f5es do programa, frente a cada perspectiva dos of\u00edcios. Neste mesmo per\u00edodo, foram realizados os encontros por \u00e1reas, onde cada setor levantou em pautas suas viv\u00eancias, destacando projetos e melhorias para todos os grupos. Ao fim da tarde, houve a apresenta\u00e7\u00e3o dos trabalhos pelos integrantes de cada PET das diversas IES, onde foram expostos banner\u2019s e divulgado os projetos em quest\u00e3o.<br \/>\nDurante a manh\u00e3 do dia 9, foram debatidas algumas experi\u00eancias de petianos egressos que discutiram durante a realiza\u00e7\u00e3o da mesa-redonda, a import\u00e2ncia do programa para a vida acad\u00eamica e posterior a isso, a inser\u00e7\u00e3o no mercado de trabalho, devido ao crescimento pessoal dos mesmos que o PET proporciona. \u00c0 tarde, ocorreu as reivindica\u00e7\u00f5es das pautas levantadas em cada encaminhamento produzidos durante o evento, discutindo sua valida\u00e7\u00e3o em forma de assembleia geral. E por fim, no encerramento do evento, houve os devidos agradecimentos aos participantes e tamb\u00e9m aos membros da organiza\u00e7\u00e3o.<\/p>\n<p style=\"text-align: center\"><span style=\"font-size: 18pt\"><strong>1\u00aa Doa\u00e7\u00e3o Pet Pelos Pets<\/strong><\/span><\/p>\n<p style=\"text-align: justify\">O Grupo PET-F\u00edsica, contempla ap\u00f3s aproximadamente um m\u00eas da Campanha PET pelos PET\u2019s a primeira doa\u00e7\u00e3o de ra\u00e7\u00e3o. O grupo ficou contente com a aceita\u00e7\u00e3o da Universidade quanto a campanha, e a participa\u00e7\u00e3o do pessoal, inclusive do Departamento da F\u00edsica. Foram arrecadados aproximadamente 30 kg de ra\u00e7\u00e3o, assim como tamb\u00e9m foram doados rem\u00e9dios, equipamentos para alimenta\u00e7\u00e3o, entre outros.<br \/>\nA doa\u00e7\u00e3o ocorreu no dia 27 de maio de 2017, durante a feirinha de doa\u00e7\u00e3o de c\u00e3es e gatos q<span class=\"text_exposed_show\">ue acontece todos os s\u00e1bados na Pra\u00e7a 9 de Dezembro em Guarapuava. Os respons\u00e1veis que receberam as arrecada\u00e7\u00f5es ficaram empolgados com a iniciativa do Grupo PET-F\u00edsica, e comentaram que iriam redistribuir as arrecada\u00e7\u00f5es aos cuidadores de Guarapuava e regi\u00e3o.<br \/>\nOs respons\u00e1veis pela campanha PET pelos PET\u2019S do GPET-F\u00edsica agradecem a todos que colaboraram e agora est\u00e3o ainda mais animados com a campanha e pretendem dar continuidade<\/span><\/p>\n<p><img decoding=\"async\" class=\"spotlight aligncenter\" src=\"https:\/\/scontent.fbfh5-1.fna.fbcdn.net\/v\/t1.0-9\/18920408_1760057124286042_6896821544289283529_n.jpg?oh=f925e2dd7d2772bdf6c91986575c8c22&amp;oe=59AF3DE4\" alt=\"Image may contain: 15 people, people smiling, indoor\"><\/p>\n<p><img decoding=\"async\" class=\"spotlight aligncenter\" src=\"https:\/\/scontent.fbfh5-1.fna.fbcdn.net\/v\/t1.0-9\/18921792_1760057250952696_5141698900424295281_n.jpg?oh=9097868c38b88f8815b5907554b29ed7&amp;oe=59E820DC\" alt=\"Image may contain: 5 people, people smiling, people standing and outdoor\"><\/p>\n<p style=\"text-align: center\"><span style=\"font-size: 18pt\"><strong>2\u00aa Doa\u00e7\u00e3o Pet Pelos Pets<\/strong><\/span><\/p>\n<p align=\"justify\">O Grupo PET-F\u00edsica realizou a 2\u00aa doa\u00e7\u00e3o de ra\u00e7\u00f5es arrecadadas, da Campanha Pet Pelos PETS no dia 08 de julho de 2017, durante a feirinha de doa\u00e7\u00e3o de c\u00e3es que acontece todos os s\u00e1bados na Pra\u00e7a 9 de Dezembro em Guarapuava, por volta das 10 horas e 30 minutos do hor\u00e1rio de Bras\u00edlia.<\/p>\n<p align=\"justify\">Dois petianos respons\u00e1veis pela doa\u00e7\u00e3o foram recepcionados pelo vereador Dognei Aldornei, que se recordou da primeira doa\u00e7\u00e3o feita pelo Grupo, e se sentiu novamente muito agradecido pelo gesto de carinho com os animais.<\/p>\n<p align=\"justify\">As doa\u00e7\u00f5es para a Campanha Pet Pelos PETS ainda podem ser feitas nas caixas espalhadas pelos blocos do campus CEDETEG ou diretamente na sala do Pet, ent\u00e3o venha nos ajudar nessa campanha, que tem como principal objetivo fazer nossos melhores amigos ainda mais felizes.<\/p>\n<p style=\"text-align: center\" align=\"justify\"><strong><span style=\"font-size: 18pt\">Trote solid\u00e1rio 2.0<\/span><\/strong><\/p>\n<p align=\"justify\">Pelo segundo ano consecutivo, o Grupo PET\/F\u00edsica foi convidado a participar, junto com o Grupo PET\/Geografia para a realiza\u00e7\u00e3o do trote solid\u00e1rio. Como \u00e9 de conhecimento de todos, o trote costuma ser a\u00e7\u00e3o dos veteranos para com os calouros. Por\u00e9m muitas vezes esse trote \u00e9 agressivo e humilhante, al\u00e9m de proibido. Com uma atitude mais humilde e solid\u00e1ria, petianos do GPET\/ F\u00edsica, se incumbiram de realizar a doa\u00e7\u00e3o de sangue junto aos petianos do GPET\/Geo. Essa atividade ocorria nas quintas feiras, tanto de manh\u00e3 quanto de tarde. Era disponibilizado pela faculdade uma van, que levaria e buscaria os alunos interessados. Como a atividade \u00e9 chamada de trote solid\u00e1rio, tanto alunos veteranos quanto calouros decidiram realizar essa boa a\u00e7\u00e3o. A doa\u00e7\u00e3o de sangue \u00e9 muito importante, pois muitas vezes faltam bolsas de sangue em diversos Hemocentros do pa\u00eds. A doa\u00e7\u00e3o pode e salva muitas v\u00edtimas de acidentes, de procedimentos cir\u00fargicos, e tamb\u00e9m o doador pode se tornar um doador fidelizado, ou seja, est\u00e1 sempre doando e ajudando a salvar vidas.<\/p>\n<p style=\"text-align: center\" align=\"justify\"><span style=\"font-size: 18pt\"><strong>Visita da Escola Estadual Eurico Dutra Gaspar<\/strong><\/span><\/p>\n<p align=\"justify\">No dia 12 de junho de 2017, 16 alunos do ensino m\u00e9dio, da Escola Estadual Eurico Gaspar Dutra, visitaram as depend\u00eancias do curso de F\u00edsica da UNICENTRO, acompanhados de uma pedagoga e uma secret\u00e1ria da Escola. A visita foi dirigida dentro do bloco da f\u00edsica no campus CEDETEG, com o intuito de mostrar a realidade do ensino superior e de situar os alunos com as possibilidades que a infraestrutura acad\u00eamica nos oferece. Durante a visita, foram apresentados os laborat\u00f3rios did\u00e1ticos de f\u00edsica experimental, com diversas demonstra\u00e7\u00f5es experimentais de fen\u00f4menos f\u00edsicos, atrav\u00e9s dos quais, os alunos conseguiram melhor visualizar a finalidade do estudo da F\u00edsica. A modera\u00e7\u00e3o dos experimentos, explica\u00e7\u00f5es e condu\u00e7\u00e3o dentro do bloco foi feita pelos alunos petianos, que serviram de meio para a intera\u00e7\u00e3o entre os alunos e a f\u00edsica. Os alunos participaram ativamente de todas as apresenta\u00e7\u00f5es, fazendo perguntas mostrando grande entusiasmo para com os experimentos, esperamos que assim, alguns destes alunos entusiasmados, despertem em si o amor pela ci\u00eancia e pela f\u00edsica.<\/p>\n<p style=\"text-align: center\"><span style=\"font-size: 18pt;font-family: times new roman,times,serif\"><strong>Participa\u00e7\u00e3o em XXII Simp\u00f3sio Nacional de Ensino de F\u00edsica<\/strong><\/span><\/p>\n<p style=\"text-align: justify\"><span style=\"font-family: times new roman,times,serif\">&nbsp; &nbsp; &nbsp; &nbsp; &nbsp; Ocorreu durante os dias 23 e 27 de janeiro de 2017, o XXII Simp\u00f3sio Nacional de Ensino de F\u00edsica (XXII SNEF), no Instituto de F\u00edsica da USP em S\u00e3o Carlos, SP. Evento este que realiza-se uma vez a cada dois anos e conta com a organiza\u00e7\u00e3o da Sociedade Brasileira de F\u00edsica (SBF). Este ano a dire\u00e7\u00e3o do Simp\u00f3sio ficou por conta da Universidade de S\u00e3o Paulo e da Universidade Federal de S\u00e3o Carlos e o tema foi \u201cA F\u00edsica e o Cidad\u00e3o Contempor\u00e2neo\u201d que, como descrito pelos organizadores, \u201cbusca destacar um olhar para o conhecimento f\u00edsico que o reconhe\u00e7a e valorize como um conhecimento capaz de contribuir com o potencial que todos t\u00eam de ser e estar no mundo de forma cr\u00edtica, participativa, empenhando-se na constru\u00e7\u00e3o coletiva do bem comum e de um mundo melhor. Diante dessa nova realidade, povoada por enormes avan\u00e7os cient\u00edficos e tecnol\u00f3gicos, com frequ\u00eancia o cidad\u00e3o contempor\u00e2neo \u00e9 colocado diante de novas situa\u00e7\u00f5es e quest\u00f5es sociocient\u00edficas que exigem seu posicionamento. Que papel a F\u00edsica, ensinada na educa\u00e7\u00e3o formal ou em outros espa\u00e7os educativos, e sua divulga\u00e7\u00e3o nos diferentes contextos sociais, tem desempenhado desse debate? Como poder\u00e1 aprimorar-se como instrumento[&#8230;]?\u201d. A partir destas indaga\u00e7\u00f5es todas as palestras, mesas-redondas, oficinas, minicursos e trabalhos apresentados durante a semana buscavam novas formas de se ensinar F\u00edsica. A petiana B\u00e1rbara de Almeida S. participou do evento, apresentando seu trabalho sobre ensino de astronomia no ensino m\u00e9dio.<\/span><\/p>\n<p style=\"text-align: center\"><span style=\"font-size: 18pt;font-family: times new roman,times,serif\"><strong>Participa\u00e7\u00e3o do XX SULPET<\/strong><\/span><\/p>\n<p style=\"text-align: justify\"><span style=\"font-family: times new roman,times,serif;font-size: medium\">Durante os dias 20 e 23 de abril de 2017, ocorreu o encontro regional dos grupos PET, na cidade de Florian\u00f3polis. Evento este que acontece todo o ano, e essa edi\u00e7\u00e3o levou o tema de Responsabilidade Pol\u00edtica e Unifica\u00e7\u00e3o Nacional, e fora organizada pela Universidade Federal de Santa Catarina (UFSC) e Universidade do Estado de Santa Catarina (UDESC). <\/span><\/p>\n<p style=\"text-align: justify\"><span style=\"font-family: times new roman,times,serif;font-size: medium\">Segundo os organizadores, o tema surgiu com a necessidade de se ampliar a discuss\u00e3o cr\u00edtica e democr\u00e1tica sobre o cen\u00e1rio pol\u00edtico, econ\u00f4mico e social em que se encontra o pa\u00eds e, consequentemente, o Programa. Objetivando o debate provido de respeito e consci\u00eancia, procura-se encaminhar para o ENAPET o resultado das discuss\u00f5es que dizem respeito \u00e0 continuidade do PET e sua atua\u00e7\u00e3o.<\/span><\/p>\n<p style=\"text-align: justify\"><span style=\"font-family: times new roman,times,serif;font-size: medium\">O petianos do Grupo PET-F\u00edsica participaram do evento, objetivando a troca de experi\u00eancias acad\u00eamicas e cient\u00edficas entre os grupos PET do Sul do Brasil. Deste modo, participaram de palestras, mesas redondas, grupos de trabalho bem como apresentaram trabalhos sobre projetos que o GPET-F\u00edsica realiza, tudo para proporcionar um espa\u00e7o de discuss\u00e3o interdisciplinar para a ampla forma\u00e7\u00e3o dos alunos quanto cidad\u00e3os. <\/span><\/p>\n<p style=\"text-align: justify\"><span style=\"font-family: times new roman,times,serif;font-size: medium\">Os relatos dos participantes no evento perante ao GPET-F\u00edsica foram favor\u00e1veis, levantando o quanto foi proveitoso a participa\u00e7\u00e3o de eventos.<\/span><\/p>\n<p style=\"text-align: justify\">&nbsp;<\/p>\n<!-- AddThis Advanced Settings generic via filter on the_content --><!-- AddThis Share Buttons generic via filter on the_content -->","protected":false},"excerpt":{"rendered":"<p>Participa\u00e7\u00e3o na V SIEPE Entre os dias 23 e 27 de outubro de 2017 ocorreu V Siepe \u2013 Semana de Integra\u00e7\u00e3o, ensino, pesquisa e extens\u00e3o da Unicentro &#8211; onde os petianos participaram apresentando trabalhos, ministrando minicursos, participando do interpet e &hellip; <a class=\"more-link\" href=\"https:\/\/sites.unicentro.br\/wp\/petfisica\/atividades\/extensao\/2017-2\/\">Continuar lendo <span class=\"meta-nav\">&rarr;<\/span><\/a><!-- AddThis Advanced Settings generic via filter on wp_trim_excerpt --><!-- AddThis Share Buttons generic via filter on wp_trim_excerpt --><\/p>\n","protected":false},"author":16,"featured_media":0,"parent":1148,"menu_order":3,"comment_status":"closed","ping_status":"closed","template":"","meta":{"_exactmetrics_skip_tracking":false,"_exactmetrics_sitenote_active":false,"_exactmetrics_sitenote_note":"","_exactmetrics_sitenote_category":0,"ngg_post_thumbnail":0,"footnotes":""},"class_list":["post-3060","page","type-page","status-publish","hentry"],"_links":{"self":[{"href":"https:\/\/sites.unicentro.br\/wp\/petfisica\/wp-json\/wp\/v2\/pages\/3060","targetHints":{"allow":["GET"]}}],"collection":[{"href":"https:\/\/sites.unicentro.br\/wp\/petfisica\/wp-json\/wp\/v2\/pages"}],"about":[{"href":"https:\/\/sites.unicentro.br\/wp\/petfisica\/wp-json\/wp\/v2\/types\/page"}],"author":[{"embeddable":true,"href":"https:\/\/sites.unicentro.br\/wp\/petfisica\/wp-json\/wp\/v2\/users\/16"}],"replies":[{"embeddable":true,"href":"https:\/\/sites.unicentro.br\/wp\/petfisica\/wp-json\/wp\/v2\/comments?post=3060"}],"version-history":[{"count":12,"href":"https:\/\/sites.unicentro.br\/wp\/petfisica\/wp-json\/wp\/v2\/pages\/3060\/revisions"}],"predecessor-version":[{"id":3878,"href":"https:\/\/sites.unicentro.br\/wp\/petfisica\/wp-json\/wp\/v2\/pages\/3060\/revisions\/3878"}],"up":[{"embeddable":true,"href":"https:\/\/sites.unicentro.br\/wp\/petfisica\/wp-json\/wp\/v2\/pages\/1148"}],"wp:attachment":[{"href":"https:\/\/sites.unicentro.br\/wp\/petfisica\/wp-json\/wp\/v2\/media?parent=3060"}],"curies":[{"name":"wp","href":"https:\/\/api.w.org\/{rel}","templated":true}]}}