{"id":504,"date":"2012-05-09T23:41:10","date_gmt":"2012-05-09T23:41:10","guid":{"rendered":"http:\/\/sites.unicentro.br\/wp\/pibid-fisica\/?page_id=504"},"modified":"2014-02-03T14:33:45","modified_gmt":"2014-02-03T16:33:45","slug":"2012-2","status":"publish","type":"page","link":"https:\/\/sites.unicentro.br\/wp\/pibid-fisica\/artigos\/2012-2\/","title":{"rendered":"2012"},"content":{"rendered":"<p><!--[if gte mso 9]&gt;--><\/p>\n<p style=\"text-align: justify\">Janete Cassiana Pereira e Ricardo Yoshimitsu Miyahara. <b>Forma\u00e7\u00e3o Docente em Di\u00e1logo: A Escola P\u00fablica como Parceira Ativa da Forma\u00e7\u00e3o de Profissionais de Licenciatura de N\u00edvel Superior.<\/b> <i>in<\/i> I Semin\u00e1rio Estadual PIBID do Paran\u00e1: O Impacto na Educa\u00e7\u00e3o B\u00e1sica \u2013 Ponta Grossa, PR, 2012.<\/p>\n<p style=\"text-align: justify\"><a href=\"http:\/\/labbd.deinfo.uepg.br\/~conferencias\/index.php\/PIBID\/PIBID\/paper\/view\/462\">http:\/\/labbd.deinfo.uepg.br\/~conferencias\/index.php\/PIBID\/PIBID\/paper\/view\/462<\/a><\/p>\n<p style=\"text-align: justify\">Leomar H. Ribeiro e Ricardo Yoshimitsu Miyahara. <b>Pibid-F\u00edsica e Olimp\u00edada Brasileira de Astronomia \u2013 Um Relato de Experi\u00eancia.<\/b> <i>in<\/i> I Semin\u00e1rio Estadual PIBID do Paran\u00e1: O Impacto na Educa\u00e7\u00e3o B\u00e1sica \u2013 Ponta Grossa, PR, 2012<\/p>\n<p style=\"text-align: justify\"><a href=\"http:\/\/labbd.deinfo.uepg.br\/~conferencias\/index.php\/PIBID\/PIBID\/paper\/view\/224\">http:\/\/labbd.deinfo.uepg.br\/~conferencias\/index.php\/PIBID\/PIBID\/paper\/view\/224<\/a><\/p>\n<p style=\"text-align: justify\">Lyra, J. F.; Miyahara, R. Y. <b>Physics Teaching Research of Guarapuava, PR, on the Students, Teacher and Pedagogical Staff View.<\/b> <i>in<\/i> Anais XIV Encontro de Pesquisa em Ensino de F\u00edsica. Maresias, SP, 2012.<\/p>\n<p style=\"text-align: justify\">Lyra, J. F.; Miyahara, R. Y. <b>Comprova\u00e7\u00e3o da Efic\u00e1cia da Utiliza\u00e7\u00e3o de Experimentos de Baixo Custo no Ensino de F\u00edsica.<\/b> <i>in<\/i> Anais do II Congresso de Inicia\u00e7\u00e3o Cient\u00edfica e P\u00f3s-Gradua\u00e7\u00e3o. S\u00e3o Leopoldo, RS, 2012.<\/p>\n<p style=\"text-align: justify\">Leomar Helton Andrade Ribeiro, Maur\u00edcio Cherpinski, Alex Silva de Moraes, Johnni Xavier Padilha, Marcio Aurelio da Silveira Caldas, Ricardo Yoshimitsu Miyahara, <b>\u201cPibid-F\u00edsica e Olimp\u00edada Brasileira de Astronomia \u2013 Um Relato de Experi\u00eancia\u201d<\/b> <i>in<\/i> I SEMIN\u00c1RIO ESTADUAL PIBID DO PARAN\u00c1: o impacto na Educa\u00e7\u00e3o B\u00e1sica, Ponta Grossa, PR, 2012.<\/p>\n<p style=\"text-align: justify\"><a href=\"http:\/\/labbd.deinfo.uepg.br\/~conferencias\/index.php\/PIBID\/PIBID\/paper\/view\/224\">http:\/\/labbd.deinfo.uepg.br\/~conferencias\/index.php\/PIBID\/PIBID\/paper\/view\/224<\/a><\/p>\n<p style=\"text-align: justify\">Janete Cassiana Pereira, Ricardo Yoshimitsu Miyahara, <b>\u201cForma\u00e7\u00e3o Docente em Di\u00e1logo: A Escola P\u00fablica como Parceira Ativa da Forma\u00e7\u00e3o de Profissionais de Licenciatura de N\u00edvel Superior\u201d<\/b> <i>in<\/i> I SEMIN\u00c1RIO ESTADUAL PIBID DO PARAN\u00c1: o impacto na Educa\u00e7\u00e3o B\u00e1sica, Ponta Grossa, PR, 2012.<\/p>\n<p style=\"text-align: justify\"><a href=\"http:\/\/labbd.deinfo.uepg.br\/~conferencias\/index.php\/PIBID\/PIBID\/paper\/view\/462\">http:\/\/labbd.deinfo.uepg.br\/~conferencias\/index.php\/PIBID\/PIBID\/paper\/view\/462<\/a><\/p>\n<p style=\"text-align: justify\">Ezequiel Jos\u00e9 Novacoski, Suellen Antonelli, Janete Cassiana Pereira, Nicole Gabrielle De Moura, Ricardo Yoshimitsu Miyahara <b>\u201cA\u00e7\u00e3o do PIBID-F\u00edsica no Col\u00e9gio Estadual Padre Chagas\u201d<\/b> <i>in<\/i> I Simp\u00f3sio de F\u00edsica \u2013 X Semana de Estudos de F\u00edsica da UNICENTRO, Guarapuava, PR, 2012.<\/p>\n<p style=\"text-align: justify\"><a href=\"http:\/\/sguweb.unicentro.br\/certificados\/arquivos\/483bec.pdf\">http:\/\/sguweb.unicentro.br\/certificados\/arquivos\/483bec.pdf<\/a><\/p>\n<p style=\"text-align: justify\">Felipe Rodrigues Dos Santos, Layara Baltoroski Boch, Edielson Barbosa Alves, Ricardo Yoshimitsu Miyahara <b>\u201cA\u00e7\u00e3o do PIBID-F\u00edsica no Col\u00e9gio Estadual Cristo Rei\u201d<\/b> <i>in<\/i> I Simp\u00f3sio de F\u00edsica \u2013 X Semana de Estudos de F\u00edsica da UNICENTRO, Guarapuava, PR, 2012.<\/p>\n<p style=\"text-align: justify\"><a href=\"http:\/\/sguweb.unicentro.br\/certificados\/arquivos\/9ebdb7.pdf\">http:\/\/sguweb.unicentro.br\/certificados\/arquivos\/9ebdb7.pdf<\/a><\/p>\n<p style=\"text-align: justify\">Allison Klosowski, Alex Moraes, Ricardo Yoshimitsu Miyahara. <b>Ensino de F\u00edsica: Placas Fotovoltaicas<\/b> <i>in<\/i> \u201cIII SEMANA DE INTEGRA\u00c7\u00c3O ENSINO, PESQUISA E EXTENS\u00c3O\u201d, Guarapuava, 2013.<\/p>\n<p style=\"text-align: justify\"><a href=\"http:\/\/anais.unicentro.br\/siepe\/#tabs-6\">http:\/\/anais.unicentro.br\/siepe\/#tabs-6<\/a><\/p>\n<p style=\"text-align: justify\">Ezequiel Jos\u00e9 Novacoski, Suellen Antonelli, Ricardo Yoshimitsu Miyahara. <b>Experimento Sobre Condu\u00e7\u00e3o de Calor para Deficientes Visuais<\/b>, in \u201cIII SEMANA DE INTEGRA\u00c7\u00c3O ENSINO, PESQUISA E EXTENS\u00c3O\u201d, Guarapuava, 2013.<\/p>\n<p style=\"text-align: justify\"><a href=\"http:\/\/anais.unicentro.br\/siepe\/#tabs-6\">http:\/\/anais.unicentro.br\/siepe\/#tabs-6<\/a><\/p>\n<p style=\"text-align: justify\">Jacieli Fatima Lira, Ricardo Yoshimitsu Miyahara. <b>An\u00e1lise do Ensino de F\u00edsica sob Diferentes Perspectivas em Escola de Guarapuava, PR<\/b>, <i>in<\/i> \u201cIII SEMANA DE INTEGRA\u00c7\u00c3O ENSINO, PESQUISA E EXTENS\u00c3O\u201d, Guarapuava, 2013.<\/p>\n<p style=\"text-align: justify\"><a href=\"http:\/\/anais.unicentro.br\/siepe\/#tabs-6\">http:\/\/anais.unicentro.br\/siepe\/#tabs-6<\/a><\/p>\n<p style=\"text-align: justify\">Catharine Stimer, Maria Carolina Pereira Braga, Myllena Pedroso de Lima, Tania Toyomi Tominaga, Ricardo Yoshimitsu Miyahara. <b>Avalia\u00e7\u00e3o das Metodologias Empregadas nas Aulas Referentes \u00e0 Olimp\u00edada Brasileira de Astronomia.<\/b> <i>in<\/i> \u201cIII SEMANA DE INTEGRA\u00c7\u00c3O ENSINO, PESQUISA E EXTENS\u00c3O\u201d, Guarapuava, 2013.<\/p>\n<p style=\"text-align: justify\"><a href=\"http:\/\/anais.unicentro.br\/siepe\/#tabs-6\">http:\/\/anais.unicentro.br\/siepe\/#tabs-6<\/a><\/p>\n<p style=\"text-align: justify\">Felipe Rodrigues dos Santos, Jackline Zanona Kaminski, Guilherme Oliveira Silva, Ricardo Yoshimitsu Miyahara. <b>A Import\u00e2ncia da Leitura de Textos Cient\u00edficos com Alunos do Ensino M\u00e9dio.<\/b> <i>in<\/i> \u201cIII SEMANA DE INTEGRA\u00c7\u00c3O ENSINO, PESQUISA E EXTENS\u00c3O\u201d, Guarapuava, 2013.<\/p>\n<p style=\"text-align: justify\"><a href=\"http:\/\/anais.unicentro.br\/siepe\/#tabs-6\">http:\/\/anais.unicentro.br\/siepe\/#tabs-6<\/a><\/p>\n<p style=\"text-align: justify\">Fernando Henrique Rocha, Paulo Henrique Gonsalves, Tania Toyomi Tominaga, Ricardo Yoshimitsu Miyahara. <b>Jogando com a F\u00edsica.<\/b> <i>in<\/i> \u201cIII SEMANA DE INTEGRA\u00c7\u00c3O ENSINO, PESQUISA E EXTENS\u00c3O\u201d, Guarapuava, 2013.<\/p>\n<p style=\"text-align: justify\"><a href=\"http:\/\/anais.unicentro.br\/siepe\/#tabs-6\">http:\/\/anais.unicentro.br\/siepe\/#tabs-6<\/a><\/p>\n<p>&nbsp;<\/p>\n<!-- AddThis Advanced Settings generic via filter on the_content --><!-- AddThis Share Buttons generic via filter on the_content -->","protected":false},"excerpt":{"rendered":"<p>Janete Cassiana Pereira e Ricardo Yoshimitsu Miyahara. Forma\u00e7\u00e3o Docente em Di\u00e1logo: A Escola P\u00fablica como Parceira Ativa da Forma\u00e7\u00e3o de Profissionais de Licenciatura de N\u00edvel Superior. in I Semin\u00e1rio Estadual PIBID do Paran\u00e1: O Impacto na Educa\u00e7\u00e3o B\u00e1sica \u2013 Ponta &hellip; <a href=\"https:\/\/sites.unicentro.br\/wp\/pibid-fisica\/artigos\/2012-2\/\">Continue lendo <span class=\"meta-nav\">&rarr;<\/span><\/a><!-- AddThis Advanced Settings generic via filter on get_the_excerpt --><!-- AddThis Share Buttons generic via filter on get_the_excerpt --><\/p>\n","protected":false},"author":17,"featured_media":0,"parent":245,"menu_order":1,"comment_status":"open","ping_status":"open","template":"","meta":{"_exactmetrics_skip_tracking":false,"_exactmetrics_sitenote_active":false,"_exactmetrics_sitenote_note":"","_exactmetrics_sitenote_category":0,"footnotes":""},"class_list":["post-504","page","type-page","status-publish","hentry"],"_links":{"self":[{"href":"https:\/\/sites.unicentro.br\/wp\/pibid-fisica\/wp-json\/wp\/v2\/pages\/504","targetHints":{"allow":["GET"]}}],"collection":[{"href":"https:\/\/sites.unicentro.br\/wp\/pibid-fisica\/wp-json\/wp\/v2\/pages"}],"about":[{"href":"https:\/\/sites.unicentro.br\/wp\/pibid-fisica\/wp-json\/wp\/v2\/types\/page"}],"author":[{"embeddable":true,"href":"https:\/\/sites.unicentro.br\/wp\/pibid-fisica\/wp-json\/wp\/v2\/users\/17"}],"replies":[{"embeddable":true,"href":"https:\/\/sites.unicentro.br\/wp\/pibid-fisica\/wp-json\/wp\/v2\/comments?post=504"}],"version-history":[{"count":9,"href":"https:\/\/sites.unicentro.br\/wp\/pibid-fisica\/wp-json\/wp\/v2\/pages\/504\/revisions"}],"predecessor-version":[{"id":607,"href":"https:\/\/sites.unicentro.br\/wp\/pibid-fisica\/wp-json\/wp\/v2\/pages\/504\/revisions\/607"}],"up":[{"embeddable":true,"href":"https:\/\/sites.unicentro.br\/wp\/pibid-fisica\/wp-json\/wp\/v2\/pages\/245"}],"wp:attachment":[{"href":"https:\/\/sites.unicentro.br\/wp\/pibid-fisica\/wp-json\/wp\/v2\/media?parent=504"}],"curies":[{"name":"wp","href":"https:\/\/api.w.org\/{rel}","templated":true}]}}