{"id":298,"date":"2012-05-17T12:13:10","date_gmt":"2012-05-17T15:13:10","guid":{"rendered":"http:\/\/sites.unicentro.br\/wp\/ses-irati\/?page_id=298"},"modified":"2012-08-08T14:59:40","modified_gmt":"2012-08-08T17:59:40","slug":"sugestoes","status":"publish","type":"page","link":"https:\/\/sites.unicentro.br\/wp\/ses-irati\/sugestoes\/","title":{"rendered":"Sugest\u00f5es"},"content":{"rendered":"<p>Sugira, esse site \u00e9 pra voc\u00ea!<\/p>\n","protected":false},"excerpt":{"rendered":"<p>Sugira, esse site \u00e9 pra voc\u00ea!<\/p>\n","protected":false},"author":6,"featured_media":0,"parent":0,"menu_order":0,"comment_status":"closed","ping_status":"open","template":"","meta":{"_exactmetrics_skip_tracking":false,"_exactmetrics_sitenote_active":false,"_exactmetrics_sitenote_note":"","_exactmetrics_sitenote_category":0,"footnotes":""},"class_list":["post-298","page","type-page","status-publish","hentry"],"_links":{"self":[{"href":"https:\/\/sites.unicentro.br\/wp\/ses-irati\/wp-json\/wp\/v2\/pages\/298","targetHints":{"allow":["GET"]}}],"collection":[{"href":"https:\/\/sites.unicentro.br\/wp\/ses-irati\/wp-json\/wp\/v2\/pages"}],"about":[{"href":"https:\/\/sites.unicentro.br\/wp\/ses-irati\/wp-json\/wp\/v2\/types\/page"}],"author":[{"embeddable":true,"href":"https:\/\/sites.unicentro.br\/wp\/ses-irati\/wp-json\/wp\/v2\/users\/6"}],"replies":[{"embeddable":true,"href":"https:\/\/sites.unicentro.br\/wp\/ses-irati\/wp-json\/wp\/v2\/comments?post=298"}],"version-history":[{"count":3,"href":"https:\/\/sites.unicentro.br\/wp\/ses-irati\/wp-json\/wp\/v2\/pages\/298\/revisions"}],"predecessor-version":[{"id":329,"href":"https:\/\/sites.unicentro.br\/wp\/ses-irati\/wp-json\/wp\/v2\/pages\/298\/revisions\/329"}],"wp:attachment":[{"href":"https:\/\/sites.unicentro.br\/wp\/ses-irati\/wp-json\/wp\/v2\/media?parent=298"}],"curies":[{"name":"wp","href":"https:\/\/api.w.org\/{rel}","templated":true}]}}